{"id":49,"date":"2021-10-21T17:03:27","date_gmt":"2021-10-21T16:03:27","guid":{"rendered":"https:\/\/www.pgd-lenart.si\/new\/?page_id=49"},"modified":"2024-09-25T19:30:44","modified_gmt":"2024-09-25T17:30:44","slug":"vodstvo","status":"publish","type":"page","link":"https:\/\/www.pgd-lenart.si\/index.php\/vodstvo\/","title":{"rendered":"Vodstvo"},"content":{"rendered":"\n<div class=\"is-layout-flex wp-container-2 wp-block-columns\">\n<div class=\"is-layout-flow wp-block-column\" style=\"flex-basis:100%\">\n<figure class=\"wp-block-table is-style-stripes\"><table class=\"has-fixed-layout\"><thead><tr><th class=\"has-text-align-center\" data-align=\"center\">Funkcija<\/th><th class=\"has-text-align-center\" data-align=\"center\">Ime in priimek<\/th><th class=\"has-text-align-center\" data-align=\"center\">Kontakt<\/th><\/tr><\/thead><tbody><tr><td class=\"has-text-align-center\" data-align=\"center\">Predsednik<\/td><td class=\"has-text-align-center\" data-align=\"center\"><meta charset=\"utf-8\">Florjan Raj\u0161p<\/td><td class=\"has-text-align-center\" data-align=\"center\">040 359 610<\/td><\/tr><tr><td class=\"has-text-align-center\" data-align=\"center\"><meta charset=\"utf-8\">Namestnik predsednika<\/td><td class=\"has-text-align-center\" data-align=\"center\"><meta charset=\"utf-8\">Marko Novak<\/td><td class=\"has-text-align-center\" data-align=\"center\">040 429 029<\/td><\/tr><tr><td class=\"has-text-align-center\" data-align=\"center\"><meta charset=\"utf-8\">V. D. Poveljnika\/namestnik poveljnika<\/td><td class=\"has-text-align-center\" data-align=\"center\"><meta charset=\"utf-8\">Dobaj Matja\u017e<\/td><td class=\"has-text-align-center\" data-align=\"center\">041 250 531<\/td><\/tr><tr><td class=\"has-text-align-center\" data-align=\"center\"><meta charset=\"utf-8\">Podpoveljnik<\/td><td class=\"has-text-align-center\" data-align=\"center\">Nejc Cafuta<\/td><td class=\"has-text-align-center\" data-align=\"center\">031 768 452<\/td><\/tr><tr><td class=\"has-text-align-center\" data-align=\"center\">Podpoveljnik<\/td><td class=\"has-text-align-center\" data-align=\"center\">Andrej Premzl<\/td><td class=\"has-text-align-center\" data-align=\"center\">041 397 317<\/td><\/tr><tr><td class=\"has-text-align-center\" data-align=\"center\"><meta charset=\"utf-8\">Gospodar<\/td><td class=\"has-text-align-center\" data-align=\"center\"><meta charset=\"utf-8\">Ajlec Robi<\/td><td class=\"has-text-align-center\" data-align=\"center\">040 725 405<\/td><\/tr><tr><td class=\"has-text-align-center\" data-align=\"center\"><meta charset=\"utf-8\">Tajnica<\/td><td class=\"has-text-align-center\" data-align=\"center\">Iris Kozel<\/td><td class=\"has-text-align-center\" data-align=\"center\"><\/td><\/tr><tr><td class=\"has-text-align-center\" data-align=\"center\">Blagajni\u010darka<\/td><td class=\"has-text-align-center\" data-align=\"center\"><meta charset=\"utf-8\">Petra Marko<\/td><td class=\"has-text-align-center\" data-align=\"center\"><\/td><\/tr><tr><td class=\"has-text-align-center\" data-align=\"center\">Predsednik komisije za mladino<\/td><td class=\"has-text-align-center\" data-align=\"center\">Boris Vrbnjak<\/td><td class=\"has-text-align-center\" data-align=\"center\"><\/td><\/tr><tr><td class=\"has-text-align-center\" data-align=\"center\">Predsednica komisije za \u010dlanice<\/td><td class=\"has-text-align-center\" data-align=\"center\"><meta charset=\"utf-8\">Tina \u0160uster<\/td><td class=\"has-text-align-center\" data-align=\"center\"><\/td><\/tr><tr><td class=\"has-text-align-center\" data-align=\"center\">Predsednik komisije za veterane<\/td><td class=\"has-text-align-center\" data-align=\"center\">Maks Poto\u010dnik<\/td><td class=\"has-text-align-center\" data-align=\"center\"><\/td><\/tr><\/tbody><\/table><\/figure>\n<\/div>\n<\/div>\n\n\n\n<ul>\n<li><\/li>\n<\/ul>\n\n\n\n<p><\/p>\n","protected":false},"excerpt":{"rendered":"<p>Funkcija Ime in priimek Kontakt Predsednik Florjan Raj\u0161p 040 359 610 Namestnik predsednika Marko Novak 040 429 029 V. D. Poveljnika\/namestnik poveljnika Dobaj Matja\u017e 041 250 531 Podpoveljnik Nejc Cafuta 031 768 452 Podpoveljnik Andrej Premzl 041 397 317 Gospodar Ajlec Robi 040 725 405 Tajnica Iris Kozel Blagajni\u010darka Petra Marko Predsednik komisije za mladino Boris Vrbnjak Predsednica komisije za \u010dlanice Tina \u0160uster Predsednik komisije za veterane Maks Poto\u010dnik<\/p>\n","protected":false},"author":1,"featured_media":0,"parent":0,"menu_order":0,"comment_status":"closed","ping_status":"closed","template":"","meta":[],"_links":{"self":[{"href":"https:\/\/www.pgd-lenart.si\/index.php\/wp-json\/wp\/v2\/pages\/49"}],"collection":[{"href":"https:\/\/www.pgd-lenart.si\/index.php\/wp-json\/wp\/v2\/pages"}],"about":[{"href":"https:\/\/www.pgd-lenart.si\/index.php\/wp-json\/wp\/v2\/types\/page"}],"author":[{"embeddable":true,"href":"https:\/\/www.pgd-lenart.si\/index.php\/wp-json\/wp\/v2\/users\/1"}],"replies":[{"embeddable":true,"href":"https:\/\/www.pgd-lenart.si\/index.php\/wp-json\/wp\/v2\/comments?post=49"}],"version-history":[{"count":10,"href":"https:\/\/www.pgd-lenart.si\/index.php\/wp-json\/wp\/v2\/pages\/49\/revisions"}],"predecessor-version":[{"id":195,"href":"https:\/\/www.pgd-lenart.si\/index.php\/wp-json\/wp\/v2\/pages\/49\/revisions\/195"}],"wp:attachment":[{"href":"https:\/\/www.pgd-lenart.si\/index.php\/wp-json\/wp\/v2\/media?parent=49"}],"curies":[{"name":"wp","href":"https:\/\/api.w.org\/{rel}","templated":true}]}}