{"id":17,"date":"2021-10-21T10:39:51","date_gmt":"2021-10-21T09:39:51","guid":{"rendered":"https:\/\/www.pgd-lenart.si\/new\/?page_id=17"},"modified":"2021-10-21T10:41:34","modified_gmt":"2021-10-21T09:41:34","slug":"zgodovina","status":"publish","type":"page","link":"https:\/\/www.pgd-lenart.si\/index.php\/zgodovina\/","title":{"rendered":"Zgodovina"},"content":{"rendered":"\n<p>Druga polovica 19.stoletja je tudi na Slovenskem postregla z velikimi gospodarskimi, dru\u017ebenimi in politi\u010dnimi spremembami. Za gasilstvo so se predvsem zavzemali nekateri \u017eupani, svetniki in tudi premo\u017enej\u0161i posestniki.<br>Prvo gasilsko dru\u0161tvo na Slovenskem je bila po\u017earna bramba iz Metlike, ki jo je 18.9.1869 leta osnoval doma\u010di gra\u0161\u010dak, vitez dr. josip Savin\u0161ek. \u017de naslednje leto, torej 1870 so bile ustanovljene po\u017earne brambe v La\u0161kem,Ljubljani in na Ptuju, leta 1871 pa tudi v Mariboru, Celju in Kr\u0161kem.<br>Tudi v takratnem Sv. Lenartu v Slovenskih goricah so v 19. stoletju resno upo\u0161tevali po\u017earno nevarnost, \u010deprav so se z ognjem in po\u017eari soo\u010dali tudi v prej\u0161njih zgodovinskih obdobjih. V prvi polovici 19. stoletja na primer je imelo po\u017earno nadzorstvo pri Sv. Lenartu gasilsko hrambo z dobro opremljenimi vozovi, \u010debri, ro\u010dnimi brizgalnami, lestvami, sekirami, vedri, moralo je paziti na opremo, ki je morala biti vedno v pripravljenosti. Tako so ve\u010dji del vzdr\u017eevalnih stro\u0161kov nosili tr\u017eani. Leta 1831 je imela po\u017earna hramba pri Lenartu naslednjo opremo:1 veliko brizgalno za 12 gasilcev, 1 veliko ro\u010dno brizgalno, 1 najnovej\u0161o brizgalno, ki jo je upravljal en \u010dlovek, 17 usnjenih vodnih \u0161kafov, 10 lestev, 5 po\u017earnih kavljev, 2 soda za vodo in 2 sekiri. V kasnej\u0161ih letih so posku\u0161ali opremo dopolnjevati. Prav \u0161tevilni po\u017eari so bili najbr\u017e poglavitni vzrok, da so za\u010deli v avstroogrski monarhiji v drugi polovici 19. stoletja ustanavljati po\u017earno brambo( prostovoljna gasilska dru\u0161tva).<br>In tako je bilo tudi v Lenartu, kjer so tr\u017eani po zgledu drugih mest in trgov leta 1874 ustanovili po\u017earno brambo. Bila je torej med prvimi na dana\u0161njem ozemlju Slovenije, kar ji daje \u0161e posebno zgodovinsko te\u017eo.<\/p>\n","protected":false},"excerpt":{"rendered":"<p>Druga polovica 19.stoletja je tudi na Slovenskem postregla z velikimi gospodarskimi, dru\u017ebenimi in politi\u010dnimi spremembami. Za gasilstvo so se predvsem zavzemali nekateri \u017eupani, svetniki in tudi premo\u017enej\u0161i posestniki.Prvo gasilsko dru\u0161tvo na Slovenskem je bila po\u017earna bramba iz Metlike, ki jo je 18.9.1869 leta osnoval doma\u010di gra\u0161\u010dak, vitez dr. josip Savin\u0161ek. \u017de naslednje leto, torej 1870 so bile ustanovljene po\u017earne brambe v La\u0161kem,Ljubljani in na Ptuju, leta 1871 pa tudi v Mariboru, Celju in Kr\u0161kem.Tudi v takratnem Sv. Lenartu v Slovenskih &hellip; <a href=\"https:\/\/www.pgd-lenart.si\/index.php\/zgodovina\/\" class=\"more-link\">Continue reading<span class=\"screen-reader-text\"> &#8220;Zgodovina&#8221;<\/span><\/a><\/p>\n","protected":false},"author":1,"featured_media":0,"parent":0,"menu_order":0,"comment_status":"closed","ping_status":"closed","template":"full-width.php","meta":[],"_links":{"self":[{"href":"https:\/\/www.pgd-lenart.si\/index.php\/wp-json\/wp\/v2\/pages\/17"}],"collection":[{"href":"https:\/\/www.pgd-lenart.si\/index.php\/wp-json\/wp\/v2\/pages"}],"about":[{"href":"https:\/\/www.pgd-lenart.si\/index.php\/wp-json\/wp\/v2\/types\/page"}],"author":[{"embeddable":true,"href":"https:\/\/www.pgd-lenart.si\/index.php\/wp-json\/wp\/v2\/users\/1"}],"replies":[{"embeddable":true,"href":"https:\/\/www.pgd-lenart.si\/index.php\/wp-json\/wp\/v2\/comments?post=17"}],"version-history":[{"count":1,"href":"https:\/\/www.pgd-lenart.si\/index.php\/wp-json\/wp\/v2\/pages\/17\/revisions"}],"predecessor-version":[{"id":18,"href":"https:\/\/www.pgd-lenart.si\/index.php\/wp-json\/wp\/v2\/pages\/17\/revisions\/18"}],"wp:attachment":[{"href":"https:\/\/www.pgd-lenart.si\/index.php\/wp-json\/wp\/v2\/media?parent=17"}],"curies":[{"name":"wp","href":"https:\/\/api.w.org\/{rel}","templated":true}]}}