{"id":15,"date":"2021-10-21T10:39:17","date_gmt":"2021-10-21T09:39:17","guid":{"rendered":"https:\/\/www.pgd-lenart.si\/new\/?page_id=15"},"modified":"2021-11-21T09:38:48","modified_gmt":"2021-11-21T08:38:48","slug":"o-drustvu","status":"publish","type":"page","link":"https:\/\/www.pgd-lenart.si\/index.php\/o-drustvu\/","title":{"rendered":"O Dru\u0161tvu"},"content":{"rendered":"\n<div class=\"is-layout-flex wp-container-2 wp-block-columns\">\n<div class=\"is-layout-flow wp-block-column\">\n<p>Prostovoljno gasilsko dru\u0161tvo Lenart neprenehoma deluje od leta 1874, ter tako spada med najstarej\u0161a gasilska dru\u0161tva v Sloveniji. <\/p>\n\n\n\n<p>Gasilsko dru\u0161tvo sestavlja 125 \u010dlanov, od tega 34 operativnih gasilcev, 49 mladincev in pionirjev 10 veteranov in 32 podpornih \u010dlanov.<\/p>\n\n\n\n<p>Prvotno jee gasilski dom bil na Jurovski cesti (sedanji prostori trgovine z \u010devlji &#8220;Nada&#8221;) nato pa smo se zaradi potrebe po ve\u010djem prostoru leta 1991 preselili na obstoje\u010de prostore na Partizansko cesto. Ti prostori nam sedaj zagotavljajo dovolj prostora za vozila, opremo, vaje in izobra\u017eevanja. <br>V dru\u0161tvu imamo 5 vozil s vso pripadajo\u010do opremo za opravljanje javne gasilske slu\u017ebe na podro\u010dju po\u017earov, poplav, tehni\u010dnih re\u0161evanjih ter ob naravnih in drugih nesre\u010dah.<\/p>\n<\/div>\n<\/div>\n\n\n\n<p><\/p>\n","protected":false},"excerpt":{"rendered":"<p>Prostovoljno gasilsko dru\u0161tvo Lenart neprenehoma deluje od leta 1874, ter tako spada med najstarej\u0161a gasilska dru\u0161tva v Sloveniji. Gasilsko dru\u0161tvo sestavlja 125 \u010dlanov, od tega 34 operativnih gasilcev, 49 mladincev in pionirjev 10 veteranov in 32 podpornih \u010dlanov. Prvotno jee gasilski dom bil na Jurovski cesti (sedanji prostori trgovine z \u010devlji &#8220;Nada&#8221;) nato pa smo se zaradi potrebe po ve\u010djem prostoru leta 1991 preselili na obstoje\u010de prostore na Partizansko cesto. Ti prostori nam sedaj zagotavljajo dovolj prostora za vozila, opremo, &hellip; <a href=\"https:\/\/www.pgd-lenart.si\/index.php\/o-drustvu\/\" class=\"more-link\">Continue reading<span class=\"screen-reader-text\"> &#8220;O Dru\u0161tvu&#8221;<\/span><\/a><\/p>\n","protected":false},"author":1,"featured_media":0,"parent":0,"menu_order":0,"comment_status":"closed","ping_status":"closed","template":"full-width.php","meta":[],"_links":{"self":[{"href":"https:\/\/www.pgd-lenart.si\/index.php\/wp-json\/wp\/v2\/pages\/15"}],"collection":[{"href":"https:\/\/www.pgd-lenart.si\/index.php\/wp-json\/wp\/v2\/pages"}],"about":[{"href":"https:\/\/www.pgd-lenart.si\/index.php\/wp-json\/wp\/v2\/types\/page"}],"author":[{"embeddable":true,"href":"https:\/\/www.pgd-lenart.si\/index.php\/wp-json\/wp\/v2\/users\/1"}],"replies":[{"embeddable":true,"href":"https:\/\/www.pgd-lenart.si\/index.php\/wp-json\/wp\/v2\/comments?post=15"}],"version-history":[{"count":5,"href":"https:\/\/www.pgd-lenart.si\/index.php\/wp-json\/wp\/v2\/pages\/15\/revisions"}],"predecessor-version":[{"id":129,"href":"https:\/\/www.pgd-lenart.si\/index.php\/wp-json\/wp\/v2\/pages\/15\/revisions\/129"}],"wp:attachment":[{"href":"https:\/\/www.pgd-lenart.si\/index.php\/wp-json\/wp\/v2\/media?parent=15"}],"curies":[{"name":"wp","href":"https:\/\/api.w.org\/{rel}","templated":true}]}}