{"id":106,"date":"2021-11-13T08:47:49","date_gmt":"2021-11-13T07:47:49","guid":{"rendered":"https:\/\/www.pgd-lenart.si\/new\/?page_id=106"},"modified":"2021-11-20T18:30:35","modified_gmt":"2021-11-20T17:30:35","slug":"cenik","status":"publish","type":"page","link":"https:\/\/www.pgd-lenart.si\/index.php\/cenik\/","title":{"rendered":"Cenik"},"content":{"rendered":"\n<p><\/p>\n\n\n\n<h2>Cenik prevoza vode<\/h2>\n\n\n\n<figure class=\"wp-block-table is-style-stripes\"><table><tbody><tr><td>Prevoz pitne vode 5000L<\/td><td class=\"has-text-align-center\" data-align=\"center\"> 50\u20ac <\/td><\/tr><tr><td>Prevoz vode 8000L<\/td><td class=\"has-text-align-center\" data-align=\"center\">80\u20ac<\/td><\/tr><tr><td>Polnjenje bazenov s pomo\u010djo vodovodne ure<\/td><td class=\"has-text-align-center\" data-align=\"center\">5\u20ac\/m^3<\/td><\/tr><\/tbody><\/table><\/figure>\n\n\n\n<h2>Cenik po\u017earnega varovanja<\/h2>\n\n\n\n<p>Potrebno \u0161tevilo mo\u0161tva in vozil se glede na velikost dogodka dogovori v naprej. <\/p>\n\n\n\n<figure class=\"wp-block-table is-style-stripes\"><table><tbody><tr><td>Mo\u0161tvo &#8211; delavnik med 6. in 18. uro (na osebo)<\/td><td class=\"has-text-align-center\" data-align=\"center\">16,70\u20ac\/h<\/td><\/tr><tr><td>Mo\u0161tvo &#8211; delavnik med 18. in 6. uro (na osebo)<\/td><td class=\"has-text-align-center\" data-align=\"center\">22,20\u20ac\/h<\/td><\/tr><tr><td>Mo\u0161tvo &#8211; nedelje, prazniki (na osebo)<\/td><td class=\"has-text-align-center\" data-align=\"center\">27,70\u20ac\/h<\/td><\/tr><tr><td>Gasilsko vozilo <\/td><td class=\"has-text-align-center\" data-align=\"center\">90,60\u20ac<\/td><\/tr><\/tbody><\/table><\/figure>\n","protected":false},"excerpt":{"rendered":"<p>Cenik prevoza vode Prevoz pitne vode 5000L 50\u20ac Prevoz vode 8000L 80\u20ac Polnjenje bazenov s pomo\u010djo vodovodne ure 5\u20ac\/m^3 Cenik po\u017earnega varovanja Potrebno \u0161tevilo mo\u0161tva in vozil se glede na velikost dogodka dogovori v naprej. Mo\u0161tvo &#8211; delavnik med 6. in 18. uro (na osebo) 16,70\u20ac\/h Mo\u0161tvo &#8211; delavnik med 18. in 6. uro (na osebo) 22,20\u20ac\/h Mo\u0161tvo &#8211; nedelje, prazniki (na osebo) 27,70\u20ac\/h Gasilsko vozilo 90,60\u20ac<\/p>\n","protected":false},"author":1,"featured_media":0,"parent":0,"menu_order":0,"comment_status":"closed","ping_status":"closed","template":"","meta":[],"_links":{"self":[{"href":"https:\/\/www.pgd-lenart.si\/index.php\/wp-json\/wp\/v2\/pages\/106"}],"collection":[{"href":"https:\/\/www.pgd-lenart.si\/index.php\/wp-json\/wp\/v2\/pages"}],"about":[{"href":"https:\/\/www.pgd-lenart.si\/index.php\/wp-json\/wp\/v2\/types\/page"}],"author":[{"embeddable":true,"href":"https:\/\/www.pgd-lenart.si\/index.php\/wp-json\/wp\/v2\/users\/1"}],"replies":[{"embeddable":true,"href":"https:\/\/www.pgd-lenart.si\/index.php\/wp-json\/wp\/v2\/comments?post=106"}],"version-history":[{"count":4,"href":"https:\/\/www.pgd-lenart.si\/index.php\/wp-json\/wp\/v2\/pages\/106\/revisions"}],"predecessor-version":[{"id":122,"href":"https:\/\/www.pgd-lenart.si\/index.php\/wp-json\/wp\/v2\/pages\/106\/revisions\/122"}],"wp:attachment":[{"href":"https:\/\/www.pgd-lenart.si\/index.php\/wp-json\/wp\/v2\/media?parent=106"}],"curies":[{"name":"wp","href":"https:\/\/api.w.org\/{rel}","templated":true}]}}